{"id":95,"date":"2020-01-28T20:22:52","date_gmt":"2020-01-28T19:22:52","guid":{"rendered":"https:\/\/www.sundbygard.no\/minilager\/?page_id=95"},"modified":"2020-03-19T10:46:25","modified_gmt":"2020-03-19T09:46:25","slug":"reservasjon","status":"publish","type":"page","link":"https:\/\/www.sundbygard.no\/minilager\/reservasjon\/","title":{"rendered":"Reservasjon"},"content":{"rendered":"\n<p>Du kan avbestille uten gebyr. Vi tar forbehold om boder er ledig i \u00f8nsket st\u00f8rrelse.<\/p>\n\n\n\n<ol class=\"wp-block-list\"><li>Reserver via skjema under<\/li><li>Vi tar kontakt med med forslag om bod og tid for \u00e5 skrive kontrakt hos oss.<\/li><li>Ta med egen hengel\u00e5s og betalingskort for betaling f\u00f8rste 2 m\u00e5neder.<\/li><li>Etter inng\u00e5tt kontrakt har du tilgang alle dager kl 0600-2300.<\/li><\/ol>\n\n\n\n\n<div class=\"wpcf7 no-js\" id=\"wpcf7-f112-o1\" lang=\"nb-NO\" dir=\"ltr\" data-wpcf7-id=\"112\">\n<div class=\"screen-reader-response\"><p role=\"status\" aria-live=\"polite\" aria-atomic=\"true\"><\/p> <ul><\/ul><\/div>\n<form action=\"\/minilager\/wp-json\/wp\/v2\/pages\/95#wpcf7-f112-o1\" method=\"post\" class=\"wpcf7-form init\" aria-label=\"Kontaktskjema\" novalidate=\"novalidate\" data-status=\"init\">\n<fieldset class=\"hidden-fields-container\"><input type=\"hidden\" name=\"_wpcf7\" value=\"112\" \/><input type=\"hidden\" name=\"_wpcf7_version\" value=\"6.1.5\" \/><input type=\"hidden\" name=\"_wpcf7_locale\" value=\"nb_NO\" \/><input type=\"hidden\" name=\"_wpcf7_unit_tag\" value=\"wpcf7-f112-o1\" \/><input type=\"hidden\" name=\"_wpcf7_container_post\" value=\"0\" \/><input type=\"hidden\" name=\"_wpcf7_posted_data_hash\" value=\"\" \/>\n<\/fieldset>\n<p>Velg \u00f8nsket bodst\u00f8rrelse:<br \/>\n<span class=\"wpcf7-form-control-wrap\" data-name=\"menu-223\"><select class=\"wpcf7-form-control wpcf7-select wpcf7-validates-as-required\" aria-required=\"true\" aria-invalid=\"false\" name=\"menu-223\"><option value=\"\">&#8212;Velg et alternativ&#8212;<\/option><option value=\"Liten bod 3 - 4 m2\">Liten bod 3 - 4 m2<\/option><option value=\"Medium bod 5 - 8 m2\">Medium bod 5 - 8 m2<\/option><option value=\"Stor 9 - 15 m2\">Stor 9 - 15 m2<\/option><option value=\"Annet (forklar i fritekstfelt)\">Annet (forklar i fritekstfelt)<\/option><\/select><\/span>\n<\/p>\n<p>\u00d8nsket tidspunkt for kontraktskriving hos oss:<br \/>\n<span class=\"wpcf7-form-control-wrap\" data-name=\"date-140\"><input class=\"wpcf7-form-control wpcf7-date wpcf7-validates-as-date\" aria-invalid=\"false\" value=\"\" type=\"date\" name=\"date-140\" \/><\/span>\n<\/p>\n<p><label> Ditt navn (obligatorisk)<br \/>\n<span class=\"wpcf7-form-control-wrap\" data-name=\"your-name\"><input size=\"40\" maxlength=\"400\" class=\"wpcf7-form-control wpcf7-text wpcf7-validates-as-required\" aria-required=\"true\" aria-invalid=\"false\" value=\"\" type=\"text\" name=\"your-name\" \/><\/span> <\/label><br \/>\n<label> Gateadresse (obligatorisk)<br \/>\n<span class=\"wpcf7-form-control-wrap\" data-name=\"your-adr1\"><input size=\"40\" maxlength=\"400\" class=\"wpcf7-form-control wpcf7-text wpcf7-validates-as-required\" aria-required=\"true\" aria-invalid=\"false\" value=\"\" type=\"text\" name=\"your-adr1\" \/><\/span> <\/label><br \/>\n<label> Postnummer og poststed (obligatorisk)<br \/>\n<span class=\"wpcf7-form-control-wrap\" data-name=\"your-adr2\"><input size=\"40\" maxlength=\"400\" class=\"wpcf7-form-control wpcf7-text wpcf7-validates-as-required\" aria-required=\"true\" aria-invalid=\"false\" value=\"\" type=\"text\" name=\"your-adr2\" \/><\/span> <\/label>\n<\/p>\n<p><label> Mobiltelefon (obligatorisk, nummer m\u00e5 tilh\u00f8re leietaker av lageret)<br \/>\n<span class=\"wpcf7-form-control-wrap\" data-name=\"number-983\"><input class=\"wpcf7-form-control wpcf7-number wpcf7-validates-as-required wpcf7-validates-as-number\" min=\"40000000\" max=\"99999999\" aria-required=\"true\" aria-invalid=\"false\" value=\"\" type=\"number\" name=\"number-983\" \/><\/span> <\/label>\n<\/p>\n<p><label> E-post (obligatorisk, epostadresse m\u00e5 tilh\u00f8re leietaker av lageret)<br \/>\n<span class=\"wpcf7-form-control-wrap\" data-name=\"your-email\"><input size=\"40\" maxlength=\"400\" class=\"wpcf7-form-control wpcf7-email wpcf7-validates-as-required wpcf7-text wpcf7-validates-as-email\" aria-required=\"true\" aria-invalid=\"false\" value=\"\" type=\"email\" name=\"your-email\" \/><\/span> <\/label>\n<\/p>\n<p><label> F\u00f8dselsdato (obligatorisk, f\u00f8dselsdato dd.mm.\u00e5\u00e5\u00e5\u00e5 m\u00e5 tilh\u00f8re leietaker av lageret)<br \/>\n<span class=\"wpcf7-form-control-wrap\" data-name=\"your-fdato\"><input size=\"40\" maxlength=\"400\" class=\"wpcf7-form-control wpcf7-text wpcf7-validates-as-required\" aria-required=\"true\" aria-invalid=\"false\" value=\"\" type=\"text\" name=\"your-fdato\" \/><\/span> <\/label>\n<\/p>\n<p><label> Fritekst<br \/>\n<span class=\"wpcf7-form-control-wrap\" data-name=\"your-message\"><textarea cols=\"40\" rows=\"10\" maxlength=\"2000\" class=\"wpcf7-form-control wpcf7-textarea\" aria-invalid=\"false\" name=\"your-message\"><\/textarea><\/span> <\/label>\n<\/p>\n<p><span class=\"wpcf7-form-control-wrap\" data-name=\"acceptance-497\"><span class=\"wpcf7-form-control wpcf7-acceptance\"><span class=\"wpcf7-list-item\"><label><input type=\"checkbox\" name=\"acceptance-497\" value=\"1\" aria-invalid=\"false\" \/><span class=\"wpcf7-list-item-label\">Jeg aksepterer <a href=\" \/\/www.sundbygard.no\/minilager\/wp-content\/uploads\/2025\/11\/Personvernerklaering.pdf \"\n>personvernvilk\u00e5rene<\/a><\/span><\/label><\/span><\/span><\/span>\n<\/p>\n<p><span class=\"wpcf7-form-control-wrap\" data-name=\"acceptance-477\"><span class=\"wpcf7-form-control wpcf7-acceptance\"><span class=\"wpcf7-list-item\"><label><input type=\"checkbox\" name=\"acceptance-477\" value=\"1\" aria-invalid=\"false\" \/><span class=\"wpcf7-list-item-label\">Jeg har lest og aksepterer <a href=\" \/\/www.sundbygard.no\/minilager\/wp-content\/uploads\/2025\/11\/Avtalevilkaar-Sundby.pdf \"\n>avtalevilk\u00e5rene <\/a><\/span><\/label><\/span><\/span><\/span>\n<\/p>\n<p><input class=\"wpcf7-form-control wpcf7-submit has-spinner\" type=\"submit\" value=\"Send\" \/>\n<\/p><div class=\"wpcf7-response-output\" aria-hidden=\"true\"><\/div>\n<\/form>\n<\/div>\n\n\n\n\n<p>Hvis tilstrekkelig informasjon er fylt ut vil det etter at knappen &laquo;Send&raquo; er trykket komme bekreftelse med &raquo; Takk for din melding. Den har n\u00e5 blitt sendt. &raquo; Hvis dette ikke g\u00e5r kontakt oss isteden <a href=\"https:\/\/www.sundbygard.no\/minilager\/kontakt\/\">per telefon eller epost<\/a>.<\/p>\n\n\n\n<p>Oppsigelse ut p\u00e5f\u00f8lgende m\u00e5ned. Vi utf\u00f8rer kredittsjekk. Leietaker m\u00e5 kontrollere at egen innboforsikring dekker egne gjenstander.<\/p>\n","protected":false},"excerpt":{"rendered":"<p>Du kan avbestille uten gebyr. Vi tar forbehold om boder er ledig i \u00f8nsket st\u00f8rrelse. Reserver via skjema under Vi tar kontakt med med forslag om bod og tid for \u00e5 skrive kontrakt hos oss. Ta med egen hengel\u00e5s og betalingskort for betaling f\u00f8rste 2 m\u00e5neder. Etter inng\u00e5tt kontrakt har du tilgang alle dager kl [&hellip;]<\/p>\n","protected":false},"author":1,"featured_media":0,"parent":0,"menu_order":0,"comment_status":"closed","ping_status":"closed","template":"","meta":{"_monsterinsights_skip_tracking":false,"_monsterinsights_sitenote_active":false,"_monsterinsights_sitenote_note":"","_monsterinsights_sitenote_category":0,"footnotes":""},"class_list":["post-95","page","type-page","status-publish","hentry"],"_links":{"self":[{"href":"https:\/\/www.sundbygard.no\/minilager\/wp-json\/wp\/v2\/pages\/95","targetHints":{"allow":["GET"]}}],"collection":[{"href":"https:\/\/www.sundbygard.no\/minilager\/wp-json\/wp\/v2\/pages"}],"about":[{"href":"https:\/\/www.sundbygard.no\/minilager\/wp-json\/wp\/v2\/types\/page"}],"author":[{"embeddable":true,"href":"https:\/\/www.sundbygard.no\/minilager\/wp-json\/wp\/v2\/users\/1"}],"replies":[{"embeddable":true,"href":"https:\/\/www.sundbygard.no\/minilager\/wp-json\/wp\/v2\/comments?post=95"}],"version-history":[{"count":7,"href":"https:\/\/www.sundbygard.no\/minilager\/wp-json\/wp\/v2\/pages\/95\/revisions"}],"predecessor-version":[{"id":143,"href":"https:\/\/www.sundbygard.no\/minilager\/wp-json\/wp\/v2\/pages\/95\/revisions\/143"}],"wp:attachment":[{"href":"https:\/\/www.sundbygard.no\/minilager\/wp-json\/wp\/v2\/media?parent=95"}],"curies":[{"name":"wp","href":"https:\/\/api.w.org\/{rel}","templated":true}]}}