{"id":5,"date":"2014-11-06T20:56:57","date_gmt":"2014-11-06T20:56:57","guid":{"rendered":"http:\/\/www.sundbygard.no\/minilager\/?page_id=5"},"modified":"2025-11-25T14:03:42","modified_gmt":"2025-11-25T13:03:42","slug":"minilager","status":"publish","type":"page","link":"https:\/\/www.sundbygard.no\/minilager\/","title":{"rendered":"Minilager Sundby G\u00e5rd &#8211; \u00c5ros i Asker"},"content":{"rendered":"<h3>Trenger du ekstra plass? Vi tar vare p\u00e5 tingene dine.<\/h3>\n<h3>Kun 180 kr\/m2\/mnd.<\/h3>\n<p>For eksempel vil en bod p\u00e5 2,5 kvadratmeter og ca 8 kubikk koste 450 kroner per m\u00e5ned. En bod p\u00e5 5,0 kvadratmeter og ca 16 kubikk vil koste 900 kroner per m\u00e5ned. Boder finnes i 2.5 kvm til over 15 kvm.<\/p>\n<p>Bodh\u00f8yder varierer men en typisk bodh\u00f8yde p\u00e5 3,2 meter gir en kubikkpris p\u00e5 <strong>kun 56 kr\/m3\/mnd!<\/strong><\/p>\n<p><em>Tilbud: Kun 609kr\/mnd for sm\u00e5 boder\u00a0 med lav indre takh\u00f8yde (145 kr\/m2\/mnd x 4,2m2, fra cirka 2,45m h\u00f8yt ytterst ved d\u00f8r til cirka 0,85m innerst ved vegg).<\/em><\/p>\n\n\n<div class=\"wp-block-button aligncenter\"><a class=\"wp-block-button__link wp-element-button\" href=\"https:\/\/www.sundbygard.no\/minilager\/reservasjon\/\">Reserver<\/a><\/div>\n\n\n\n<p class=\"has-text-align-center\">Eller ring oss p\u00e5 \n<br><a href=\"tel:+4797591691\">97 591 691<\/a><\/p>\n\n\n\n<p>Vi leier ut lagerboder for privatpersoner og bedrifter som trenger ekstra plass. Her kan du lagre m\u00f8bler, innbo eller bruke det som firmaets lille ekstra rimelige lager.<\/p>\n\n\n\n<p>Om du har en full kjeller som du vil benytte til noe mer fornuftig, eller du har tenkt deg til utlandet for en periode? Vi kan tilby en fleksibel lagerplass, der du ikke betaler for mer enn det du trenger av plass eller lagringstid.<\/p>\n\n\n\n<div class=\"wp-block-columns is-layout-flex wp-container-core-columns-is-layout-9d6595d7 wp-block-columns-is-layout-flex\">\n<div class=\"wp-block-column is-layout-flow wp-block-column-is-layout-flow\">\n<figure class=\"wp-block-image size-large\"><img loading=\"lazy\" decoding=\"async\" width=\"480\" height=\"640\" src=\"https:\/\/www.sundbygard.no\/minilager\/wp-content\/uploads\/2020\/01\/Minilager.jpg\" alt=\"\" class=\"wp-image-59\" srcset=\"https:\/\/www.sundbygard.no\/minilager\/wp-content\/uploads\/2020\/01\/Minilager.jpg 480w, https:\/\/www.sundbygard.no\/minilager\/wp-content\/uploads\/2020\/01\/Minilager-225x300.jpg 225w\" sizes=\"auto, (max-width: 480px) 100vw, 480px\" \/><figcaption class=\"wp-element-caption\">Boder<\/figcaption><\/figure>\n<\/div>\n\n\n\n<div class=\"wp-block-column is-layout-flow wp-block-column-is-layout-flow\">\n<figure class=\"wp-block-image size-large\"><img loading=\"lazy\" decoding=\"async\" width=\"480\" height=\"640\" src=\"https:\/\/www.sundbygard.no\/minilager\/wp-content\/uploads\/2020\/01\/Liten-bod.jpg\" alt=\"\" class=\"wp-image-56\" srcset=\"https:\/\/www.sundbygard.no\/minilager\/wp-content\/uploads\/2020\/01\/Liten-bod.jpg 480w, https:\/\/www.sundbygard.no\/minilager\/wp-content\/uploads\/2020\/01\/Liten-bod-225x300.jpg 225w\" sizes=\"auto, (max-width: 480px) 100vw, 480px\" \/><figcaption class=\"wp-element-caption\">Eksempel liten bod<\/figcaption><\/figure>\n<\/div>\n\n\n\n<div class=\"wp-block-column is-layout-flow wp-block-column-is-layout-flow\">\n<figure class=\"wp-block-image size-large\"><img loading=\"lazy\" decoding=\"async\" width=\"640\" height=\"480\" src=\"https:\/\/www.sundbygard.no\/minilager\/wp-content\/uploads\/2020\/01\/Adkomstrom-for-torr-omlasting.jpg\" alt=\"\" class=\"wp-image-49\" srcset=\"https:\/\/www.sundbygard.no\/minilager\/wp-content\/uploads\/2020\/01\/Adkomstrom-for-torr-omlasting.jpg 640w, https:\/\/www.sundbygard.no\/minilager\/wp-content\/uploads\/2020\/01\/Adkomstrom-for-torr-omlasting-300x225.jpg 300w\" sizes=\"auto, (max-width: 640px) 100vw, 640px\" \/><figcaption class=\"wp-element-caption\">Adkomstrom for t\u00f8rr omlasting<\/figcaption><\/figure>\n<\/div>\n<\/div>\n\n\n\n<h2 class=\"wp-block-heading\" id=\"hvor\">Hvor?<\/h2>\n\n\n\n<p>Vi holder til ved \u00c5ros i Asker kommune (tidligere R\u00f8yken). Det er kort avstand til B\u00e6rum, Follo, Lier og Drammen. En 35 minutters kj\u00f8retur fra Oslo, 20 minutter til Drammen og rett ved Oslofjordforbindelsen E134.<\/p>\n\n\n\n<figure class=\"wp-block-image size-large\"><a href=\"https:\/\/www.google.com\/maps\/place\/Minilager+Sundby+G%C3%A5rd\/@59.8000923,10.44119,10z\/data=!4m8!1m2!2m1!1sMinilager+Sundby+G%C3%A5rd!3m4!1s0x46414173892854df:0x5f8f19d667c2f12e!8m2!3d59.7175793!4d10.4960933\" target=\"_blank\" rel=\"noreferrer noopener\"><img loading=\"lazy\" decoding=\"async\" width=\"1024\" height=\"589\" src=\"https:\/\/www.sundbygard.no\/minilager\/wp-content\/uploads\/2020\/01\/Kart-Minilager-Sundby-gard-1024x589.jpg\" alt=\"\" class=\"wp-image-133\" srcset=\"https:\/\/www.sundbygard.no\/minilager\/wp-content\/uploads\/2020\/01\/Kart-Minilager-Sundby-gard-1024x589.jpg 1024w, https:\/\/www.sundbygard.no\/minilager\/wp-content\/uploads\/2020\/01\/Kart-Minilager-Sundby-gard-300x173.jpg 300w, https:\/\/www.sundbygard.no\/minilager\/wp-content\/uploads\/2020\/01\/Kart-Minilager-Sundby-gard-768x442.jpg 768w, https:\/\/www.sundbygard.no\/minilager\/wp-content\/uploads\/2020\/01\/Kart-Minilager-Sundby-gard.jpg 1193w\" sizes=\"auto, (max-width: 1024px) 100vw, 1024px\" \/><\/a><figcaption class=\"wp-element-caption\">Klikk p\u00e5 kart for \u00e5 \u00e5pne Google Maps i egen fane<\/figcaption><\/figure>\n\n\n\n<h2 class=\"wp-block-heading\" id=\"hvordan\">Hvordan?<\/h2>\n\n\n\n<p>Ta kontakt for en visning. Leietid og bodst\u00f8rrelse bestemmer du. Ta med hengel\u00e5s. Kontrakt og adkomst ordnes p\u00e5 fem minutter. Fyll opp lagerboden!<\/p>\n\n\n\n<h2 class=\"wp-block-heading\" id=\"lagringstips\">Lagringstips<\/h2>\n\n\n\n<p>Om du trenger plass etter kj\u00f8p av ny leilighet, eller vil ta vare p\u00e5 oldemors gamle spisestue, vi gir deg tipsene for f\u00e5 maksimal utnyttelse av plassen! Hvor stort lager trenger du? Beregn dette <a href=\"https:\/\/www.sundbygard.no\/minilager\/storrelsesberegner\/\" data-type=\"URL\" data-id=\"https:\/\/www.sundbygard.no\/minilager\/storrelsesberegner\/\">her<\/a><\/p>\n\n\n\n<h2 class=\"wp-block-heading\" id=\"sikkerhet\">Sikkerhet<\/h2>\n\n\n\n<p>Minilageret har alarm. G\u00e5rden er bebodd og i full drift, s\u00e5 det vil alltid v\u00e6re folk tilstede. <\/p>\n\n\n\n<h2 class=\"wp-block-heading\" id=\"fornoyde-kunder\">Forn\u00f8yde kunder<\/h2>\n\n\n\n<p>Les tilbakemeldinger fra v\u00e5re forn\u00f8yde kunder <a href=\"https:\/\/www.sundbygard.no\/minilager\/fornoyde-kunder\/\" data-type=\"URL\" data-id=\"https:\/\/www.sundbygard.no\/minilager\/fornoyde-kunder\/\">her<\/a><\/p>\n\n\n\n<h2 class=\"wp-block-heading\" id=\"en-gard-med-lang-historie\">En g\u00e5rd med lang historie<\/h2>\n\n\n\n<p>Sundby G\u00e5rd er en g\u00e5rd med lang historie, les mer om g\u00e5rden <a href=\"https:\/\/www.sundbygard.no\/minilager\/gardens-historie\/\" data-type=\"URL\" data-id=\"https:\/\/www.sundbygard.no\/minilager\/gardens-historie\/\">her<\/a><\/p>\n\n\n\n<h2 class=\"wp-block-heading\" id=\"vilkar\">Vilk\u00e5r<\/h2>\n\n\n\n<p><a href=\"https:\/\/www.sundbygard.no\/minilager\/wp-content\/uploads\/2025\/11\/Personvernerklaering.pdf\">Personvernerkl\u00e6ring<\/a><\/p>\n\n\n\n<p><a href=\"https:\/\/www.sundbygard.no\/minilager\/wp-content\/uploads\/2025\/11\/Avtalevilkaar-Sundby.pdf\" data-type=\"URL\" data-id=\"https:\/\/www.sundbygard.no\/minilager\/wp-content\/uploads\/2022\/03\/Avtalevilkaar-Sundby.pdf\">Avtalevilk\u00e5r<\/a><\/p>\n\n\n\n<p><\/p>\n","protected":false},"excerpt":{"rendered":"<p>Trenger du ekstra plass? Vi tar vare p\u00e5 tingene dine. Kun 180 kr\/m2\/mnd. For eksempel vil en bod p\u00e5 2,5 kvadratmeter og ca 8 kubikk koste 450 kroner per m\u00e5ned. En bod p\u00e5 5,0 kvadratmeter og ca 16 kubikk vil koste 900 kroner per m\u00e5ned. Boder finnes i 2.5 kvm til over 15 kvm. Bodh\u00f8yder [&hellip;]<\/p>\n","protected":false},"author":1,"featured_media":23,"parent":0,"menu_order":0,"comment_status":"closed","ping_status":"open","template":"","meta":{"_monsterinsights_skip_tracking":false,"_monsterinsights_sitenote_active":false,"_monsterinsights_sitenote_note":"","_monsterinsights_sitenote_category":0,"footnotes":""},"class_list":["post-5","page","type-page","status-publish","has-post-thumbnail","hentry"],"_links":{"self":[{"href":"https:\/\/www.sundbygard.no\/minilager\/wp-json\/wp\/v2\/pages\/5","targetHints":{"allow":["GET"]}}],"collection":[{"href":"https:\/\/www.sundbygard.no\/minilager\/wp-json\/wp\/v2\/pages"}],"about":[{"href":"https:\/\/www.sundbygard.no\/minilager\/wp-json\/wp\/v2\/types\/page"}],"author":[{"embeddable":true,"href":"https:\/\/www.sundbygard.no\/minilager\/wp-json\/wp\/v2\/users\/1"}],"replies":[{"embeddable":true,"href":"https:\/\/www.sundbygard.no\/minilager\/wp-json\/wp\/v2\/comments?post=5"}],"version-history":[{"count":49,"href":"https:\/\/www.sundbygard.no\/minilager\/wp-json\/wp\/v2\/pages\/5\/revisions"}],"predecessor-version":[{"id":307,"href":"https:\/\/www.sundbygard.no\/minilager\/wp-json\/wp\/v2\/pages\/5\/revisions\/307"}],"wp:featuredmedia":[{"embeddable":true,"href":"https:\/\/www.sundbygard.no\/minilager\/wp-json\/wp\/v2\/media\/23"}],"wp:attachment":[{"href":"https:\/\/www.sundbygard.no\/minilager\/wp-json\/wp\/v2\/media?parent=5"}],"curies":[{"name":"wp","href":"https:\/\/api.w.org\/{rel}","templated":true}]}}