{"id":121,"date":"2020-01-28T22:03:39","date_gmt":"2020-01-28T21:03:39","guid":{"rendered":"https:\/\/www.sundbygard.no\/minilager\/?page_id=121"},"modified":"2023-01-24T10:50:13","modified_gmt":"2023-01-24T09:50:13","slug":"kontakt","status":"publish","type":"page","link":"https:\/\/www.sundbygard.no\/minilager\/kontakt\/","title":{"rendered":"Kontakt"},"content":{"rendered":"\n<div class=\"wp-block-columns is-layout-flex wp-container-core-columns-is-layout-9d6595d7 wp-block-columns-is-layout-flex\">\n<div class=\"wp-block-column is-layout-flow wp-block-column-is-layout-flow\">\n<figure class=\"wp-block-image size-thumbnail\"><img loading=\"lazy\" decoding=\"async\" width=\"150\" height=\"150\" src=\"https:\/\/www.sundbygard.no\/minilager\/wp-content\/uploads\/2020\/01\/Tone-150x150.jpg\" alt=\"\" class=\"wp-image-70\"\/><figcaption class=\"wp-element-caption\">Tone<\/figcaption><\/figure>\n<\/div>\n\n\n\n<div class=\"wp-block-column is-layout-flow wp-block-column-is-layout-flow\">\n<figure class=\"wp-block-image size-thumbnail\"><img loading=\"lazy\" decoding=\"async\" width=\"150\" height=\"150\" src=\"https:\/\/www.sundbygard.no\/minilager\/wp-content\/uploads\/2020\/01\/Froydis-150x150.jpg\" alt=\"\" class=\"wp-image-52\"\/><figcaption class=\"wp-element-caption\">Fr\u00f8ydis<\/figcaption><\/figure>\n<\/div>\n<\/div>\n\n\n\n<p><\/p>\n\n\n\n<p class=\"has-text-align-left\">Telefon: <a href=\"tel:+4797591691\">97 591 691<\/a><\/p>\n\n\n\n<p>Epost: post@sundbygard.no<\/p>\n\n\n\n<p>Adresse: Sundbyveien 126, 3474 \u00c5ros<\/p>\n\n\n\n<figure class=\"wp-block-image size-large\"><a href=\"https:\/\/www.google.com\/maps\/place\/Minilager+Sundby+G%C3%A5rd\/@59.8000923,10.44119,10z\/data=!4m8!1m2!2m1!1sMinilager+Sundby+G%C3%A5rd!3m4!1s0x46414173892854df:0x5f8f19d667c2f12e!8m2!3d59.7175793!4d10.4960933\" target=\"_blank\" rel=\"noreferrer noopener\"><img loading=\"lazy\" decoding=\"async\" width=\"1024\" height=\"589\" src=\"https:\/\/www.sundbygard.no\/minilager\/wp-content\/uploads\/2020\/01\/Kart-Minilager-Sundby-gard-1024x589.jpg\" alt=\"\" class=\"wp-image-133\" srcset=\"https:\/\/www.sundbygard.no\/minilager\/wp-content\/uploads\/2020\/01\/Kart-Minilager-Sundby-gard-1024x589.jpg 1024w, https:\/\/www.sundbygard.no\/minilager\/wp-content\/uploads\/2020\/01\/Kart-Minilager-Sundby-gard-300x173.jpg 300w, https:\/\/www.sundbygard.no\/minilager\/wp-content\/uploads\/2020\/01\/Kart-Minilager-Sundby-gard-768x442.jpg 768w, https:\/\/www.sundbygard.no\/minilager\/wp-content\/uploads\/2020\/01\/Kart-Minilager-Sundby-gard.jpg 1193w\" sizes=\"auto, (max-width: 1024px) 100vw, 1024px\" \/><\/a><figcaption class=\"wp-element-caption\">Klikk p\u00e5 kart for \u00e5 \u00e5pne Google Maps i egen fane<\/figcaption><\/figure>\n","protected":false},"excerpt":{"rendered":"<p>Epost: post@sundbygard.no Adresse: Sundbyveien 126, 3474 \u00c5ros<\/p>\n","protected":false},"author":1,"featured_media":0,"parent":0,"menu_order":0,"comment_status":"closed","ping_status":"closed","template":"","meta":{"_monsterinsights_skip_tracking":false,"_monsterinsights_sitenote_active":false,"_monsterinsights_sitenote_note":"","_monsterinsights_sitenote_category":0,"footnotes":""},"class_list":["post-121","page","type-page","status-publish","hentry"],"_links":{"self":[{"href":"https:\/\/www.sundbygard.no\/minilager\/wp-json\/wp\/v2\/pages\/121","targetHints":{"allow":["GET"]}}],"collection":[{"href":"https:\/\/www.sundbygard.no\/minilager\/wp-json\/wp\/v2\/pages"}],"about":[{"href":"https:\/\/www.sundbygard.no\/minilager\/wp-json\/wp\/v2\/types\/page"}],"author":[{"embeddable":true,"href":"https:\/\/www.sundbygard.no\/minilager\/wp-json\/wp\/v2\/users\/1"}],"replies":[{"embeddable":true,"href":"https:\/\/www.sundbygard.no\/minilager\/wp-json\/wp\/v2\/comments?post=121"}],"version-history":[{"count":6,"href":"https:\/\/www.sundbygard.no\/minilager\/wp-json\/wp\/v2\/pages\/121\/revisions"}],"predecessor-version":[{"id":240,"href":"https:\/\/www.sundbygard.no\/minilager\/wp-json\/wp\/v2\/pages\/121\/revisions\/240"}],"wp:attachment":[{"href":"https:\/\/www.sundbygard.no\/minilager\/wp-json\/wp\/v2\/media?parent=121"}],"curies":[{"name":"wp","href":"https:\/\/api.w.org\/{rel}","templated":true}]}}